{"id":2063,"date":"2026-04-01T15:00:57","date_gmt":"2026-04-01T15:00:57","guid":{"rendered":"https:\/\/kulturelle.com\/?page_id=2063"},"modified":"2026-04-03T13:43:06","modified_gmt":"2026-04-03T13:43:06","slug":"events-de","status":"publish","type":"page","link":"https:\/\/kulturelle.com\/?page_id=2063","title":{"rendered":"Events"},"content":{"rendered":"\t\t<div data-elementor-type=\"wp-page\" data-elementor-id=\"2063\" class=\"elementor elementor-2063\" data-elementor-post-type=\"page\">\n\t\t\t\t<div class=\"elementor-element elementor-element-a69569f e-con-full e-flex wpr-particle-no wpr-jarallax-no wpr-parallax-no wpr-sticky-section-no e-con e-parent\" data-id=\"a69569f\" data-element_type=\"container\" data-e-type=\"container\" data-settings=\"{&quot;background_background&quot;:&quot;classic&quot;}\">\n\t\t<div class=\"elementor-element elementor-element-dff72c0 e-con-full e-flex wpr-particle-no wpr-jarallax-no wpr-parallax-no wpr-sticky-section-no e-con e-child\" data-id=\"dff72c0\" data-element_type=\"container\" data-e-type=\"container\" data-settings=\"{&quot;background_background&quot;:&quot;classic&quot;}\">\n\t\t\t\t<div class=\"elementor-element elementor-element-49e6307 elementor-widget elementor-widget-heading\" data-id=\"49e6307\" data-element_type=\"widget\" data-e-type=\"widget\" data-widget_type=\"heading.default\">\n\t\t\t\t\t<h2 class=\"elementor-heading-title elementor-size-default\">Events &amp; Retreats<\/h2>\t\t\t\t<\/div>\n\t\t\t\t<div class=\"elementor-element elementor-element-f97a130 elementor-widget elementor-widget-text-editor\" data-id=\"f97a130\" data-element_type=\"widget\" data-e-type=\"widget\" data-settings=\"{&quot;motion_fx_motion_fx_scrolling&quot;:&quot;yes&quot;,&quot;motion_fx_devices&quot;:[&quot;desktop&quot;,&quot;tablet&quot;,&quot;mobile&quot;]}\" data-widget_type=\"text-editor.default\">\n\t\t\t\t\t\t\t\t\t<p>Keine Programme, die dich motivieren, sondern R\u00e4ume, die dich bewegen. Leadership-Retreats f\u00fcr F\u00fchrungskr\u00e4fte und Interessierte, die innehalten, gro\u00df denken und wirksamer handeln wollen.<\/p><p>Durch Gespr\u00e4che, Erfahrung und Reflexion entstehen Klarheit, neue Perspektiven und konkrete Handlungsspielr\u00e4ume.<\/p><p><span style=\"color: #ff6600;\">Triest ist nicht nur Kulisse. Es ist Teil der Methode.<\/span><\/p>\t\t\t\t\t\t\t\t<\/div>\n\t\t\t\t<\/div>\n\t\t\t\t<\/div>\n\t\t<div class=\"elementor-element elementor-element-29fce76c e-con-full e-flex wpr-particle-no wpr-jarallax-no wpr-parallax-no wpr-sticky-section-no e-con e-child\" data-id=\"29fce76c\" data-element_type=\"container\" data-e-type=\"container\" data-settings=\"{&quot;background_background&quot;:&quot;classic&quot;}\">\n\t\t\t\t<div class=\"elementor-element elementor-element-47801917 elementor-widget elementor-widget-heading\" data-id=\"47801917\" data-element_type=\"widget\" data-e-type=\"widget\" data-widget_type=\"heading.default\">\n\t\t\t\t\t<h2 class=\"elementor-heading-title elementor-size-default\">Tiles<\/h2>\t\t\t\t<\/div>\n\t\t<div class=\"elementor-element elementor-element-3234bf83 e-con-full e-grid wpr-particle-no wpr-jarallax-no wpr-parallax-no wpr-sticky-section-no e-con e-child\" data-id=\"3234bf83\" data-element_type=\"container\" data-e-type=\"container\">\n\t\t<div class=\"elementor-element elementor-element-299b34d2 e-con-full e-flex wpr-particle-no wpr-jarallax-no wpr-parallax-no wpr-sticky-section-no e-con e-child\" data-id=\"299b34d2\" data-element_type=\"container\" data-e-type=\"container\" data-settings=\"{&quot;background_background&quot;:&quot;classic&quot;}\">\n\t\t<div class=\"elementor-element elementor-element-64c08f1b e-con-full e-flex wpr-particle-no wpr-jarallax-no wpr-parallax-no wpr-sticky-section-no e-con e-child\" data-id=\"64c08f1b\" data-element_type=\"container\" data-e-type=\"container\" data-settings=\"{&quot;background_background&quot;:&quot;classic&quot;}\">\n\t\t\t\t<div class=\"elementor-element elementor-element-841cce1 elementor-widget elementor-widget-image\" data-id=\"841cce1\" data-element_type=\"widget\" data-e-type=\"widget\" data-widget_type=\"image.default\">\n\t\t\t\t\t\t\t\t\t\t\t\t\t\t\t<img fetchpriority=\"high\" decoding=\"async\" width=\"1023\" height=\"681\" src=\"https:\/\/kulturelle.com\/wp-content\/uploads\/2026\/03\/scrivereTrieste_04.jpg\" class=\"attachment-full size-full wp-image-1646\" alt=\"\" srcset=\"https:\/\/kulturelle.com\/wp-content\/uploads\/2026\/03\/scrivereTrieste_04.jpg 1023w, https:\/\/kulturelle.com\/wp-content\/uploads\/2026\/03\/scrivereTrieste_04-300x200.jpg 300w, https:\/\/kulturelle.com\/wp-content\/uploads\/2026\/03\/scrivereTrieste_04-768x511.jpg 768w\" sizes=\"(max-width: 1023px) 100vw, 1023px\" \/>\t\t\t\t\t\t\t\t\t\t\t\t\t\t\t<\/div>\n\t\t<div class=\"elementor-element elementor-element-1174122 e-con-full e-flex wpr-particle-no wpr-jarallax-no wpr-parallax-no wpr-sticky-section-no e-con e-child\" data-id=\"1174122\" data-element_type=\"container\" data-e-type=\"container\">\n\t\t\t\t<div class=\"elementor-element elementor-element-bfd58e1 elementor-widget elementor-widget-heading\" data-id=\"bfd58e1\" data-element_type=\"widget\" data-e-type=\"widget\" data-widget_type=\"heading.default\">\n\t\t\t\t\t<h2 class=\"elementor-heading-title elementor-size-default\">Schreiben in Triest<\/h2>\t\t\t\t<\/div>\n\t\t\t\t<div class=\"elementor-element elementor-element-496fc525 elementor-widget elementor-widget-text-editor\" data-id=\"496fc525\" data-element_type=\"widget\" data-e-type=\"widget\" data-widget_type=\"text-editor.default\">\n\t\t\t\t\t\t\t\t\t<p>Schreiben in Triest ist eine Einladung: Raum zum Schreiben. <\/p><p>Zeit f\u00fcr dich. Triest inspiriert und du nimmst diese Energie mit nach Hause.<\/p>\t\t\t\t\t\t\t\t<\/div>\n\t\t\t\t<div class=\"elementor-element elementor-element-265220e6 elementor-widget elementor-widget-button\" data-id=\"265220e6\" data-element_type=\"widget\" data-e-type=\"widget\" data-widget_type=\"button.default\">\n\t\t\t\t\t\t\t\t\t\t<a class=\"elementor-button elementor-button-link elementor-size-sm\" href=\"https:\/\/kulturelle.com\/?page_id=2075&#038;lang=de\">\n\t\t\t\t\t\t<span class=\"elementor-button-content-wrapper\">\n\t\t\t\t\t\t\t\t\t<span class=\"elementor-button-text\">Mehr erfahren<\/span>\n\t\t\t\t\t<\/span>\n\t\t\t\t\t<\/a>\n\t\t\t\t\t\t\t\t<\/div>\n\t\t\t\t<\/div>\n\t\t\t\t<\/div>\n\t\t\t\t<\/div>\n\t\t<div class=\"elementor-element elementor-element-9c0e8b5 e-con-full e-flex wpr-particle-no wpr-jarallax-no wpr-parallax-no wpr-sticky-section-no e-con e-child\" data-id=\"9c0e8b5\" data-element_type=\"container\" data-e-type=\"container\" data-settings=\"{&quot;background_background&quot;:&quot;classic&quot;}\">\n\t\t<div class=\"elementor-element elementor-element-94f08fe e-con-full e-flex wpr-particle-no wpr-jarallax-no wpr-parallax-no wpr-sticky-section-no e-con e-child\" data-id=\"94f08fe\" data-element_type=\"container\" data-e-type=\"container\" data-settings=\"{&quot;background_background&quot;:&quot;classic&quot;}\">\n\t\t\t\t<div class=\"elementor-element elementor-element-a5e0b39 elementor-widget elementor-widget-image\" data-id=\"a5e0b39\" data-element_type=\"widget\" data-e-type=\"widget\" data-widget_type=\"image.default\">\n\t\t\t\t\t\t\t\t\t\t\t\t\t\t\t<img decoding=\"async\" width=\"1023\" height=\"681\" src=\"https:\/\/kulturelle.com\/wp-content\/uploads\/2026\/03\/the-human-edge_03.jpg\" class=\"attachment-full size-full wp-image-924\" alt=\"\" srcset=\"https:\/\/kulturelle.com\/wp-content\/uploads\/2026\/03\/the-human-edge_03.jpg 1023w, https:\/\/kulturelle.com\/wp-content\/uploads\/2026\/03\/the-human-edge_03-300x200.jpg 300w, https:\/\/kulturelle.com\/wp-content\/uploads\/2026\/03\/the-human-edge_03-768x511.jpg 768w\" sizes=\"(max-width: 1023px) 100vw, 1023px\" \/>\t\t\t\t\t\t\t\t\t\t\t\t\t\t\t<\/div>\n\t\t<div class=\"elementor-element elementor-element-6645f49 e-con-full e-flex wpr-particle-no wpr-jarallax-no wpr-parallax-no wpr-sticky-section-no e-con e-child\" data-id=\"6645f49\" data-element_type=\"container\" data-e-type=\"container\">\n\t\t\t\t<div class=\"elementor-element elementor-element-6fdb491 elementor-widget elementor-widget-heading\" data-id=\"6fdb491\" data-element_type=\"widget\" data-e-type=\"widget\" data-widget_type=\"heading.default\">\n\t\t\t\t\t<h2 class=\"elementor-heading-title elementor-size-default\">The Human Edge<\/h2>\t\t\t\t<\/div>\n\t\t\t\t<div class=\"elementor-element elementor-element-da5d68f elementor-widget elementor-widget-text-editor\" data-id=\"da5d68f\" data-element_type=\"widget\" data-e-type=\"widget\" data-widget_type=\"text-editor.default\">\n\t\t\t\t\t\t\t\t\t<p><strong>Wo menschliche Vielfalt dich st\u00e4rkt.<\/strong><\/p><p>Von Einsicht zu Handlung. St\u00e4rke deine Gestaltungskraft \u2013 im Dialog mit anderen Perspektiven, f\u00fcr klarere Entscheidungen und wirksamere F\u00fchrung. CTA<\/p>\t\t\t\t\t\t\t\t<\/div>\n\t\t\t\t<div class=\"elementor-element elementor-element-db90f38 elementor-widget elementor-widget-button\" data-id=\"db90f38\" data-element_type=\"widget\" data-e-type=\"widget\" data-widget_type=\"button.default\">\n\t\t\t\t\t\t\t\t\t\t<a class=\"elementor-button elementor-button-link elementor-size-sm\" href=\"https:\/\/kulturelle.com\/?page_id=2080&#038;lang=de\">\n\t\t\t\t\t\t<span class=\"elementor-button-content-wrapper\">\n\t\t\t\t\t\t\t\t\t<span class=\"elementor-button-text\">Mehr erfahren<\/span>\n\t\t\t\t\t<\/span>\n\t\t\t\t\t<\/a>\n\t\t\t\t\t\t\t\t<\/div>\n\t\t\t\t<\/div>\n\t\t\t\t<\/div>\n\t\t\t\t<\/div>\n\t\t<div class=\"elementor-element elementor-element-7e1ef01 e-con-full e-flex wpr-particle-no wpr-jarallax-no wpr-parallax-no wpr-sticky-section-no e-con e-child\" data-id=\"7e1ef01\" data-element_type=\"container\" data-e-type=\"container\" data-settings=\"{&quot;background_background&quot;:&quot;classic&quot;}\">\n\t\t<div class=\"elementor-element elementor-element-7f62e7c e-con-full e-flex wpr-particle-no wpr-jarallax-no wpr-parallax-no wpr-sticky-section-no e-con e-child\" data-id=\"7f62e7c\" data-element_type=\"container\" data-e-type=\"container\" data-settings=\"{&quot;background_background&quot;:&quot;classic&quot;}\">\n\t\t\t\t<div class=\"elementor-element elementor-element-fd1e7c5 elementor-widget elementor-widget-image\" data-id=\"fd1e7c5\" data-element_type=\"widget\" data-e-type=\"widget\" data-widget_type=\"image.default\">\n\t\t\t\t\t\t\t\t\t\t\t\t\t\t\t<img decoding=\"async\" width=\"1023\" height=\"681\" src=\"https:\/\/kulturelle.com\/wp-content\/uploads\/2026\/03\/Bold-strock.jpg\" class=\"attachment-full size-full wp-image-922\" alt=\"\" srcset=\"https:\/\/kulturelle.com\/wp-content\/uploads\/2026\/03\/Bold-strock.jpg 1023w, https:\/\/kulturelle.com\/wp-content\/uploads\/2026\/03\/Bold-strock-300x200.jpg 300w, https:\/\/kulturelle.com\/wp-content\/uploads\/2026\/03\/Bold-strock-768x511.jpg 768w\" sizes=\"(max-width: 1023px) 100vw, 1023px\" \/>\t\t\t\t\t\t\t\t\t\t\t\t\t\t\t<\/div>\n\t\t<div class=\"elementor-element elementor-element-6134428 e-con-full e-flex wpr-particle-no wpr-jarallax-no wpr-parallax-no wpr-sticky-section-no e-con e-child\" data-id=\"6134428\" data-element_type=\"container\" data-e-type=\"container\">\n\t\t\t\t<div class=\"elementor-element elementor-element-3726da0 elementor-widget elementor-widget-heading\" data-id=\"3726da0\" data-element_type=\"widget\" data-e-type=\"widget\" data-widget_type=\"heading.default\">\n\t\t\t\t\t<h2 class=\"elementor-heading-title elementor-size-default\">BOLD Strokes <\/h2>\t\t\t\t<\/div>\n\t\t\t\t<div class=\"elementor-element elementor-element-23b71aa elementor-widget elementor-widget-text-editor\" data-id=\"23b71aa\" data-element_type=\"widget\" data-e-type=\"widget\" data-widget_type=\"text-editor.default\">\n\t\t\t\t\t\t\t\t\t<p><strong>Leadership Through Large-Scale Creation<\/strong><\/p><p>Gro\u00dfe Herausforderungen brauchen gro\u00dfe Leinw\u00e4nde. Monumentale Kunst schafft strategische Durchbr\u00fcche jenseits von KI und Konvention. CTA\u00a0<\/p>\t\t\t\t\t\t\t\t<\/div>\n\t\t\t\t<div class=\"elementor-element elementor-element-e4d30cb elementor-widget elementor-widget-button\" data-id=\"e4d30cb\" data-element_type=\"widget\" data-e-type=\"widget\" data-widget_type=\"button.default\">\n\t\t\t\t\t\t\t\t\t\t<a class=\"elementor-button elementor-button-link elementor-size-sm\" href=\"https:\/\/kulturelle.com\/?page_id=2091&#038;lang=de\">\n\t\t\t\t\t\t<span class=\"elementor-button-content-wrapper\">\n\t\t\t\t\t\t\t\t\t<span class=\"elementor-button-text\">Mehr erfahren<\/span>\n\t\t\t\t\t<\/span>\n\t\t\t\t\t<\/a>\n\t\t\t\t\t\t\t\t<\/div>\n\t\t\t\t<\/div>\n\t\t\t\t<\/div>\n\t\t\t\t<\/div>\n\t\t\t\t<\/div>\n\t\t\t\t<\/div>\n\t\t<div class=\"elementor-element elementor-element-6433447 e-flex e-con-boxed wpr-particle-no wpr-jarallax-no wpr-parallax-no wpr-sticky-section-no e-con e-parent\" data-id=\"6433447\" data-element_type=\"container\" data-e-type=\"container\" data-settings=\"{&quot;background_background&quot;:&quot;classic&quot;}\">\n\t\t\t\t\t<div class=\"e-con-inner\">\n\t\t<div class=\"elementor-element elementor-element-ea89848 e-con-full e-flex wpr-particle-no wpr-jarallax-no wpr-parallax-no wpr-sticky-section-no e-con e-child\" data-id=\"ea89848\" data-element_type=\"container\" data-e-type=\"container\" data-settings=\"{&quot;background_background&quot;:&quot;classic&quot;,&quot;motion_fx_motion_fx_scrolling&quot;:&quot;yes&quot;,&quot;motion_fx_translateY_effect&quot;:&quot;yes&quot;,&quot;motion_fx_translateY_direction&quot;:&quot;negative&quot;,&quot;motion_fx_translateY_speed&quot;:{&quot;unit&quot;:&quot;px&quot;,&quot;size&quot;:0.5,&quot;sizes&quot;:[]},&quot;motion_fx_opacity_effect&quot;:&quot;yes&quot;,&quot;motion_fx_opacity_range&quot;:{&quot;unit&quot;:&quot;%&quot;,&quot;size&quot;:&quot;&quot;,&quot;sizes&quot;:{&quot;start&quot;:20,&quot;end&quot;:64}},&quot;motion_fx_translateY_affectedRange&quot;:{&quot;unit&quot;:&quot;%&quot;,&quot;size&quot;:&quot;&quot;,&quot;sizes&quot;:{&quot;start&quot;:0,&quot;end&quot;:100}},&quot;motion_fx_opacity_direction&quot;:&quot;out-in&quot;,&quot;motion_fx_opacity_level&quot;:{&quot;unit&quot;:&quot;px&quot;,&quot;size&quot;:10,&quot;sizes&quot;:[]},&quot;motion_fx_devices&quot;:[&quot;desktop&quot;,&quot;tablet&quot;,&quot;mobile&quot;]}\">\n\t\t<div class=\"elementor-element elementor-element-5b46a67 e-con-full e-flex wpr-particle-no wpr-jarallax-no wpr-parallax-no wpr-sticky-section-no e-con e-child\" data-id=\"5b46a67\" data-element_type=\"container\" data-e-type=\"container\">\n\t\t\t\t<div class=\"elementor-element elementor-element-9847bab elementor-widget__width-inherit elementor-widget elementor-widget-image\" data-id=\"9847bab\" data-element_type=\"widget\" data-e-type=\"widget\" data-widget_type=\"image.default\">\n\t\t\t\t\t\t\t\t\t\t\t\t\t\t\t<img decoding=\"async\" src=\"https:\/\/kulturelle.com\/wp-content\/uploads\/2026\/03\/elle_eventi.jpg\" title=\"elle_eventi\" alt=\"elle_eventi\" loading=\"lazy\" \/>\t\t\t\t\t\t\t\t\t\t\t\t\t\t\t<\/div>\n\t\t\t\t<\/div>\n\t\t<div class=\"elementor-element elementor-element-0224777 e-con-full e-flex wpr-particle-no wpr-jarallax-no wpr-parallax-no wpr-sticky-section-no e-con e-child\" data-id=\"0224777\" data-element_type=\"container\" data-e-type=\"container\">\n\t\t\t\t<div class=\"elementor-element elementor-element-073e0d5 elementor-widget elementor-widget-text-editor\" data-id=\"073e0d5\" data-element_type=\"widget\" data-e-type=\"widget\" data-widget_type=\"text-editor.default\">\n\t\t\t\t\t\t\t\t\t<p><strong>Don&#8217;t worry \u2013 ich schreibe nicht jede Woche.<\/strong> <br \/>Zweimal im Jahr bekommst du Event-Updates und gesammelte Gedanken.<\/p><p>F\u00fcr Inspiration zwischendurch: check out Substack<\/p>\t\t\t\t\t\t\t\t<\/div>\n\t\t\t\t<div class=\"elementor-element elementor-element-472a9ac elementor-button-info elementor-widget elementor-widget-button\" data-id=\"472a9ac\" data-element_type=\"widget\" data-e-type=\"widget\" data-widget_type=\"button.default\">\n\t\t\t\t\t\t\t\t\t\t<a class=\"elementor-button elementor-button-link elementor-size-sm\" href=\"https:\/\/kulturelle.substack.com\/\" target=\"_blank\">\n\t\t\t\t\t\t<span class=\"elementor-button-content-wrapper\">\n\t\t\t\t\t\t\t\t\t<span class=\"elementor-button-text\">Melden Sie sich an<\/span>\n\t\t\t\t\t<\/span>\n\t\t\t\t\t<\/a>\n\t\t\t\t\t\t\t\t<\/div>\n\t\t\t\t<\/div>\n\t\t\t\t<\/div>\n\t\t\t\t\t<\/div>\n\t\t\t\t<\/div>\n\t\t\t\t<\/div>\n\t\t","protected":false},"excerpt":{"rendered":"<p>Keine Programme, die dich motivieren, sondern R\u00e4ume, die dich bewegen. Leadership-Retreats f\u00fcr F\u00fchrungskr\u00e4fte und Interessierte, die innehalten, gro\u00df denken und wirksamer handeln wollen. Durch Gespr\u00e4che, Erfahrung und Reflexion entstehen Klarheit, neue Perspektiven und konkrete Handlungsspielr\u00e4ume. Triest ist nicht nur Kulisse. Es ist Teil der Methode.<\/p>\n","protected":false},"author":2,"featured_media":919,"parent":0,"menu_order":0,"comment_status":"closed","ping_status":"closed","template":"","meta":{"postBodyCss":"","postBodyMargin":[],"postBodyPadding":[],"postBodyBackground":{"backgroundType":"classic","gradient":""},"footnotes":""},"folder":[42],"class_list":["post-2063","page","type-page","status-publish","has-post-thumbnail","hentry"],"yoast_head":"<!-- This site is optimized with the Yoast SEO plugin v27.2 - https:\/\/yoast.com\/product\/yoast-seo-wordpress\/ -->\n<title>Events - Kulturelle<\/title>\n<meta name=\"description\" content=\"Qui potrai controllare tutti gli eventi correlati a Kulturelle.\" \/>\n<meta name=\"robots\" content=\"index, follow, max-snippet:-1, max-image-preview:large, max-video-preview:-1\" \/>\n<link rel=\"canonical\" href=\"https:\/\/kulturelle.com\/?page_id=2063\" \/>\n<meta property=\"og:locale\" content=\"it_IT\" \/>\n<meta property=\"og:type\" content=\"article\" \/>\n<meta property=\"og:title\" content=\"Events - Kulturelle\" \/>\n<meta property=\"og:description\" content=\"Qui potrai controllare tutti gli eventi correlati a Kulturelle.\" \/>\n<meta property=\"og:url\" content=\"https:\/\/kulturelle.com\/?page_id=2063\" \/>\n<meta property=\"og:site_name\" content=\"Kulturelle\" \/>\n<meta property=\"article:modified_time\" content=\"2026-04-03T13:43:06+00:00\" \/>\n<meta property=\"og:image\" content=\"https:\/\/kulturelle.com\/wp-content\/uploads\/2026\/03\/elle_eventi.jpg\" \/>\n\t<meta property=\"og:image:width\" content=\"821\" \/>\n\t<meta property=\"og:image:height\" content=\"821\" \/>\n\t<meta property=\"og:image:type\" content=\"image\/jpeg\" \/>\n<meta name=\"twitter:card\" content=\"summary_large_image\" \/>\n<meta name=\"twitter:label1\" content=\"Tempo di lettura stimato\" \/>\n\t<meta name=\"twitter:data1\" content=\"1 minuto\" \/>\n<script type=\"application\/ld+json\" class=\"yoast-schema-graph\">{\"@context\":\"https:\/\/schema.org\",\"@graph\":[{\"@type\":\"WebPage\",\"@id\":\"https:\/\/kulturelle.com\/?page_id=2063\",\"url\":\"https:\/\/kulturelle.com\/?page_id=2063\",\"name\":\"Events - Kulturelle\",\"isPartOf\":{\"@id\":\"https:\/\/kulturelle.com\/#website\"},\"primaryImageOfPage\":{\"@id\":\"https:\/\/kulturelle.com\/?page_id=2063#primaryimage\"},\"image\":{\"@id\":\"https:\/\/kulturelle.com\/?page_id=2063#primaryimage\"},\"thumbnailUrl\":\"https:\/\/kulturelle.com\/wp-content\/uploads\/2026\/03\/elle_eventi.jpg\",\"datePublished\":\"2026-04-01T15:00:57+00:00\",\"dateModified\":\"2026-04-03T13:43:06+00:00\",\"description\":\"Qui potrai controllare tutti gli eventi correlati a Kulturelle.\",\"breadcrumb\":{\"@id\":\"https:\/\/kulturelle.com\/?page_id=2063#breadcrumb\"},\"inLanguage\":\"it-IT\",\"potentialAction\":[{\"@type\":\"ReadAction\",\"target\":[\"https:\/\/kulturelle.com\/?page_id=2063\"]}]},{\"@type\":\"ImageObject\",\"inLanguage\":\"it-IT\",\"@id\":\"https:\/\/kulturelle.com\/?page_id=2063#primaryimage\",\"url\":\"https:\/\/kulturelle.com\/wp-content\/uploads\/2026\/03\/elle_eventi.jpg\",\"contentUrl\":\"https:\/\/kulturelle.com\/wp-content\/uploads\/2026\/03\/elle_eventi.jpg\",\"width\":821,\"height\":821},{\"@type\":\"BreadcrumbList\",\"@id\":\"https:\/\/kulturelle.com\/?page_id=2063#breadcrumb\",\"itemListElement\":[{\"@type\":\"ListItem\",\"position\":1,\"name\":\"Home\",\"item\":\"https:\/\/kulturelle.com\/?page_id=573&lang=it\"},{\"@type\":\"ListItem\",\"position\":2,\"name\":\"Events\"}]},{\"@type\":\"WebSite\",\"@id\":\"https:\/\/kulturelle.com\/#website\",\"url\":\"https:\/\/kulturelle.com\/\",\"name\":\"Kulturelle\",\"description\":\"Let\u2019s con-verse\",\"publisher\":{\"@id\":\"https:\/\/kulturelle.com\/#organization\"},\"potentialAction\":[{\"@type\":\"SearchAction\",\"target\":{\"@type\":\"EntryPoint\",\"urlTemplate\":\"https:\/\/kulturelle.com\/?s={search_term_string}\"},\"query-input\":{\"@type\":\"PropertyValueSpecification\",\"valueRequired\":true,\"valueName\":\"search_term_string\"}}],\"inLanguage\":\"it-IT\"},{\"@type\":\"Organization\",\"@id\":\"https:\/\/kulturelle.com\/#organization\",\"name\":\"Kulturelle\",\"url\":\"https:\/\/kulturelle.com\/\",\"logo\":{\"@type\":\"ImageObject\",\"inLanguage\":\"it-IT\",\"@id\":\"https:\/\/kulturelle.com\/#\/schema\/logo\/image\/\",\"url\":\"https:\/\/kulturelle.com\/wp-content\/uploads\/2025\/11\/25253-Kulturelle-Logotipo-2025_Gradient.png\",\"contentUrl\":\"https:\/\/kulturelle.com\/wp-content\/uploads\/2025\/11\/25253-Kulturelle-Logotipo-2025_Gradient.png\",\"width\":300,\"height\":87,\"caption\":\"Kulturelle\"},\"image\":{\"@id\":\"https:\/\/kulturelle.com\/#\/schema\/logo\/image\/\"}}]}<\/script>\n<!-- \/ Yoast SEO plugin. -->","yoast_head_json":{"title":"Events - Kulturelle","description":"Qui potrai controllare tutti gli eventi correlati a Kulturelle.","robots":{"index":"index","follow":"follow","max-snippet":"max-snippet:-1","max-image-preview":"max-image-preview:large","max-video-preview":"max-video-preview:-1"},"canonical":"https:\/\/kulturelle.com\/?page_id=2063","og_locale":"it_IT","og_type":"article","og_title":"Events - Kulturelle","og_description":"Qui potrai controllare tutti gli eventi correlati a Kulturelle.","og_url":"https:\/\/kulturelle.com\/?page_id=2063","og_site_name":"Kulturelle","article_modified_time":"2026-04-03T13:43:06+00:00","og_image":[{"width":821,"height":821,"url":"https:\/\/kulturelle.com\/wp-content\/uploads\/2026\/03\/elle_eventi.jpg","type":"image\/jpeg"}],"twitter_card":"summary_large_image","twitter_misc":{"Tempo di lettura stimato":"1 minuto"},"schema":{"@context":"https:\/\/schema.org","@graph":[{"@type":"WebPage","@id":"https:\/\/kulturelle.com\/?page_id=2063","url":"https:\/\/kulturelle.com\/?page_id=2063","name":"Events - Kulturelle","isPartOf":{"@id":"https:\/\/kulturelle.com\/#website"},"primaryImageOfPage":{"@id":"https:\/\/kulturelle.com\/?page_id=2063#primaryimage"},"image":{"@id":"https:\/\/kulturelle.com\/?page_id=2063#primaryimage"},"thumbnailUrl":"https:\/\/kulturelle.com\/wp-content\/uploads\/2026\/03\/elle_eventi.jpg","datePublished":"2026-04-01T15:00:57+00:00","dateModified":"2026-04-03T13:43:06+00:00","description":"Qui potrai controllare tutti gli eventi correlati a Kulturelle.","breadcrumb":{"@id":"https:\/\/kulturelle.com\/?page_id=2063#breadcrumb"},"inLanguage":"it-IT","potentialAction":[{"@type":"ReadAction","target":["https:\/\/kulturelle.com\/?page_id=2063"]}]},{"@type":"ImageObject","inLanguage":"it-IT","@id":"https:\/\/kulturelle.com\/?page_id=2063#primaryimage","url":"https:\/\/kulturelle.com\/wp-content\/uploads\/2026\/03\/elle_eventi.jpg","contentUrl":"https:\/\/kulturelle.com\/wp-content\/uploads\/2026\/03\/elle_eventi.jpg","width":821,"height":821},{"@type":"BreadcrumbList","@id":"https:\/\/kulturelle.com\/?page_id=2063#breadcrumb","itemListElement":[{"@type":"ListItem","position":1,"name":"Home","item":"https:\/\/kulturelle.com\/?page_id=573&lang=it"},{"@type":"ListItem","position":2,"name":"Events"}]},{"@type":"WebSite","@id":"https:\/\/kulturelle.com\/#website","url":"https:\/\/kulturelle.com\/","name":"Kulturelle","description":"Let\u2019s con-verse","publisher":{"@id":"https:\/\/kulturelle.com\/#organization"},"potentialAction":[{"@type":"SearchAction","target":{"@type":"EntryPoint","urlTemplate":"https:\/\/kulturelle.com\/?s={search_term_string}"},"query-input":{"@type":"PropertyValueSpecification","valueRequired":true,"valueName":"search_term_string"}}],"inLanguage":"it-IT"},{"@type":"Organization","@id":"https:\/\/kulturelle.com\/#organization","name":"Kulturelle","url":"https:\/\/kulturelle.com\/","logo":{"@type":"ImageObject","inLanguage":"it-IT","@id":"https:\/\/kulturelle.com\/#\/schema\/logo\/image\/","url":"https:\/\/kulturelle.com\/wp-content\/uploads\/2025\/11\/25253-Kulturelle-Logotipo-2025_Gradient.png","contentUrl":"https:\/\/kulturelle.com\/wp-content\/uploads\/2025\/11\/25253-Kulturelle-Logotipo-2025_Gradient.png","width":300,"height":87,"caption":"Kulturelle"},"image":{"@id":"https:\/\/kulturelle.com\/#\/schema\/logo\/image\/"}}]}},"_links":{"self":[{"href":"https:\/\/kulturelle.com\/index.php?rest_route=\/wp\/v2\/pages\/2063","targetHints":{"allow":["GET"]}}],"collection":[{"href":"https:\/\/kulturelle.com\/index.php?rest_route=\/wp\/v2\/pages"}],"about":[{"href":"https:\/\/kulturelle.com\/index.php?rest_route=\/wp\/v2\/types\/page"}],"author":[{"embeddable":true,"href":"https:\/\/kulturelle.com\/index.php?rest_route=\/wp\/v2\/users\/2"}],"replies":[{"embeddable":true,"href":"https:\/\/kulturelle.com\/index.php?rest_route=%2Fwp%2Fv2%2Fcomments&post=2063"}],"version-history":[{"count":22,"href":"https:\/\/kulturelle.com\/index.php?rest_route=\/wp\/v2\/pages\/2063\/revisions"}],"predecessor-version":[{"id":2536,"href":"https:\/\/kulturelle.com\/index.php?rest_route=\/wp\/v2\/pages\/2063\/revisions\/2536"}],"wp:featuredmedia":[{"embeddable":true,"href":"https:\/\/kulturelle.com\/index.php?rest_route=\/wp\/v2\/media\/919"}],"wp:attachment":[{"href":"https:\/\/kulturelle.com\/index.php?rest_route=%2Fwp%2Fv2%2Fmedia&parent=2063"}],"wp:term":[{"taxonomy":"folder","embeddable":true,"href":"https:\/\/kulturelle.com\/index.php?rest_route=%2Fwp%2Fv2%2Ffolder&post=2063"}],"curies":[{"name":"wp","href":"https:\/\/api.w.org\/{rel}","templated":true}]}}